{"id":216,"date":"2026-01-09T13:15:44","date_gmt":"2026-01-09T19:15:44","guid":{"rendered":"https:\/\/sorteos.cruzverde.com.gt\/?page_id=216"},"modified":"2026-03-02T09:17:42","modified_gmt":"2026-03-02T15:17:42","slug":"loreal","status":"publish","type":"page","link":"https:\/\/sorteos.cruzverde.com.gt\/?page_id=216","title":{"rendered":"Loreal"},"content":{"rendered":"\t\t<div data-elementor-type=\"wp-page\" data-elementor-id=\"216\" class=\"elementor elementor-216\" data-elementor-post-type=\"page\">\n\t\t\t\t<div class=\"elementor-element elementor-element-7bfeb86 e-flex e-con-boxed e-con e-parent\" data-id=\"7bfeb86\" data-element_type=\"container\" data-e-type=\"container\" data-settings=\"{&quot;background_background&quot;:&quot;classic&quot;}\">\n\t\t\t\t\t<div class=\"e-con-inner\">\n\t\t\t\t<div class=\"elementor-element elementor-element-bb2baf2 elementor-widget elementor-widget-image\" data-id=\"bb2baf2\" data-element_type=\"widget\" data-e-type=\"widget\" data-widget_type=\"image.default\">\n\t\t\t\t<div class=\"elementor-widget-container\">\n\t\t\t\t\t\t\t\t\t\t\t\t\t\t\t<img fetchpriority=\"high\" decoding=\"async\" width=\"800\" height=\"108\" src=\"https:\/\/sorteos.cruzverde.com.gt\/wp-content\/uploads\/2026\/03\/logosvichy.png\" class=\"attachment-large size-large wp-image-270\" alt=\"\" srcset=\"https:\/\/sorteos.cruzverde.com.gt\/wp-content\/uploads\/2026\/03\/logosvichy.png 971w, https:\/\/sorteos.cruzverde.com.gt\/wp-content\/uploads\/2026\/03\/logosvichy-300x40.png 300w, https:\/\/sorteos.cruzverde.com.gt\/wp-content\/uploads\/2026\/03\/logosvichy-768x104.png 768w\" sizes=\"(max-width: 800px) 100vw, 800px\" \/>\t\t\t\t\t\t\t\t\t\t\t\t\t\t\t<\/div>\n\t\t\t\t<\/div>\n\t\t\t\t<div class=\"elementor-element elementor-element-ecd5ace elementor-widget elementor-widget-heading\" data-id=\"ecd5ace\" data-element_type=\"widget\" data-e-type=\"widget\" data-widget_type=\"heading.default\">\n\t\t\t\t<div class=\"elementor-widget-container\">\n\t\t\t\t\t<h2 class=\"elementor-heading-title elementor-size-default\">GANA PREMIOS<\/h2>\t\t\t\t<\/div>\n\t\t\t\t<\/div>\n\t\t\t\t<div class=\"elementor-element elementor-element-1613473 elementor-widget elementor-widget-heading\" data-id=\"1613473\" data-element_type=\"widget\" data-e-type=\"widget\" data-widget_type=\"heading.default\">\n\t\t\t\t<div class=\"elementor-widget-container\">\n\t\t\t\t\t<h2 class=\"elementor-heading-title elementor-size-default\">CON VICHY<\/h2>\t\t\t\t<\/div>\n\t\t\t\t<\/div>\n\t\t\t\t<div class=\"elementor-element elementor-element-8dc12c2 elementor-widget elementor-widget-heading\" data-id=\"8dc12c2\" data-element_type=\"widget\" data-e-type=\"widget\" data-widget_type=\"heading.default\">\n\t\t\t\t<div class=\"elementor-widget-container\">\n\t\t\t\t\t<h2 class=\"elementor-heading-title elementor-size-default\">01 al 31 de Marzo<\/h2>\t\t\t\t<\/div>\n\t\t\t\t<\/div>\n\t\t\t\t<div class=\"elementor-element elementor-element-b9f1bba elementor-button-align-stretch elementor-widget elementor-widget-form\" data-id=\"b9f1bba\" data-element_type=\"widget\" data-e-type=\"widget\" data-settings=\"{&quot;step_next_label&quot;:&quot;Siguiente&quot;,&quot;step_previous_label&quot;:&quot;Anterior&quot;,&quot;button_width&quot;:&quot;100&quot;,&quot;step_type&quot;:&quot;number_text&quot;,&quot;step_icon_shape&quot;:&quot;circle&quot;}\" data-widget_type=\"form.default\">\n\t\t\t\t<div class=\"elementor-widget-container\">\n\t\t\t\t\t\t\t<form class=\"elementor-form\" method=\"post\" id=\"informacion\" name=\"Informaci\u00f3n\" aria-label=\"Informaci\u00f3n\">\n\t\t\t<input type=\"hidden\" name=\"post_id\" value=\"216\"\/>\n\t\t\t<input type=\"hidden\" name=\"form_id\" value=\"b9f1bba\"\/>\n\t\t\t<input type=\"hidden\" name=\"referer_title\" value=\"Loreal\" \/>\n\n\t\t\t\t\t\t\t<input type=\"hidden\" name=\"queried_id\" value=\"216\"\/>\n\t\t\t\n\t\t\t<div class=\"elementor-form-fields-wrapper elementor-labels-above\">\n\t\t\t\t\t\t\t\t<div class=\"elementor-field-type-text elementor-field-group elementor-column elementor-field-group-fullname elementor-col-50 elementor-field-required\">\n\t\t\t\t\t\t\t\t\t\t\t\t<label for=\"form-field-fullname\" class=\"elementor-field-label\">\n\t\t\t\t\t\t\t\tNombre\t\t\t\t\t\t\t<\/label>\n\t\t\t\t\t\t\t\t\t\t\t\t\t\t<input size=\"1\" type=\"text\" name=\"form_fields[fullname]\" id=\"form-field-fullname\" class=\"elementor-field elementor-size-sm  elementor-field-textual\" required=\"required\">\n\t\t\t\t\t\t\t\t\t\t\t<\/div>\n\t\t\t\t\t\t\t\t<div class=\"elementor-field-type-text elementor-field-group elementor-column elementor-field-group-field_0c5e936 elementor-col-50 elementor-field-required\">\n\t\t\t\t\t\t\t\t\t\t\t\t<label for=\"form-field-field_0c5e936\" class=\"elementor-field-label\">\n\t\t\t\t\t\t\t\tApellido\t\t\t\t\t\t\t<\/label>\n\t\t\t\t\t\t\t\t\t\t\t\t\t\t<input size=\"1\" type=\"text\" name=\"form_fields[field_0c5e936]\" id=\"form-field-field_0c5e936\" class=\"elementor-field elementor-size-sm  elementor-field-textual\" required=\"required\">\n\t\t\t\t\t\t\t\t\t\t\t<\/div>\n\t\t\t\t\t\t\t\t<div class=\"elementor-field-type-email elementor-field-group elementor-column elementor-field-group-email elementor-col-50 elementor-field-required\">\n\t\t\t\t\t\t\t\t\t\t\t\t<label for=\"form-field-email\" class=\"elementor-field-label\">\n\t\t\t\t\t\t\t\tEmail\t\t\t\t\t\t\t<\/label>\n\t\t\t\t\t\t\t\t\t\t\t\t\t\t<input size=\"1\" type=\"email\" name=\"form_fields[email]\" id=\"form-field-email\" class=\"elementor-field elementor-size-sm  elementor-field-textual\" required=\"required\">\n\t\t\t\t\t\t\t\t\t\t\t<\/div>\n\t\t\t\t\t\t\t\t<div class=\"elementor-field-type-text elementor-field-group elementor-column elementor-field-group-phone elementor-col-50 elementor-field-required\">\n\t\t\t\t\t\t\t\t\t\t\t\t<label for=\"form-field-phone\" class=\"elementor-field-label\">\n\t\t\t\t\t\t\t\tTel\u00e9fono\t\t\t\t\t\t\t<\/label>\n\t\t\t\t\t\t\t\t\t\t\t\t\t\t<input size=\"1\" type=\"text\" name=\"form_fields[phone]\" id=\"form-field-phone\" class=\"elementor-field elementor-size-sm  elementor-field-textual\" required=\"required\">\n\t\t\t\t\t\t\t\t\t\t\t<\/div>\n\t\t\t\t\t\t\t\t<div class=\"elementor-field-type-text elementor-field-group elementor-column elementor-field-group-laboratory elementor-col-50 elementor-field-required\">\n\t\t\t\t\t\t\t\t\t\t\t\t<label for=\"form-field-laboratory\" class=\"elementor-field-label\">\n\t\t\t\t\t\t\t\tNo. de factura\t\t\t\t\t\t\t<\/label>\n\t\t\t\t\t\t\t\t\t\t\t\t\t\t<input size=\"1\" type=\"text\" name=\"form_fields[laboratory]\" id=\"form-field-laboratory\" class=\"elementor-field elementor-size-sm  elementor-field-textual\" required=\"required\">\n\t\t\t\t\t\t\t\t\t\t\t<\/div>\n\t\t\t\t\t\t\t\t<div class=\"elementor-field-type-text elementor-field-group elementor-column elementor-field-group-field_9133c7d elementor-col-50 elementor-field-required\">\n\t\t\t\t\t\t\t\t\t\t\t\t<label for=\"form-field-field_9133c7d\" class=\"elementor-field-label\">\n\t\t\t\t\t\t\t\tMonto de factura\t\t\t\t\t\t\t<\/label>\n\t\t\t\t\t\t\t\t\t\t\t\t\t\t<input size=\"1\" type=\"text\" name=\"form_fields[field_9133c7d]\" id=\"form-field-field_9133c7d\" class=\"elementor-field elementor-size-sm  elementor-field-textual\" required=\"required\">\n\t\t\t\t\t\t\t\t\t\t\t<\/div>\n\t\t\t\t\t\t\t\t<div class=\"elementor-field-group elementor-column elementor-field-type-submit elementor-col-100 e-form__buttons\">\n\t\t\t\t\t<button class=\"elementor-button elementor-size-sm\" type=\"submit\" id=\"btnRegister\">\n\t\t\t\t\t\t<span class=\"elementor-button-content-wrapper\">\n\t\t\t\t\t\t\t\t\t\t\t\t\t\t\t\t\t\t\t\t\t\t<span class=\"elementor-button-text\">Inscr\u00edbete para participar<\/span>\n\t\t\t\t\t\t\t\t\t\t\t\t\t<\/span>\n\t\t\t\t\t<\/button>\n\t\t\t\t<\/div>\n\t\t\t<\/div>\n\t\t<\/form>\n\t\t\t\t\t\t<\/div>\n\t\t\t\t<\/div>\n\t\t\t\t<div class=\"elementor-element elementor-element-ce4ea60 elementor-widget elementor-widget-text-editor\" data-id=\"ce4ea60\" data-element_type=\"widget\" data-e-type=\"widget\" data-widget_type=\"text-editor.default\">\n\t\t\t\t<div class=\"elementor-widget-container\">\n\t\t\t\t\t\t\t\t\t<p>Promoci\u00f3n exclusiva para clientes Dermacenter, Cruz Verde y Meycos Farmacia. Toda compra debe ser registrada en la caja a nombre del cliente afiliado. Los primeros 5 clientes que m\u00e1s compren productos de las l\u00edneas Mineral 89 y Liftactiv del 1 de marzo al 31 de marzo del 2026 acumulado ganar\u00e1n uno de los siguientes premios a continuaci\u00f3n: 1er lugar &#8211; Dyson Airwrap, 2do lugar &#8211; Airpods 4\u00aa Generaci\u00f3n Apple, 3er lugar &#8211; C\u00e1mara Instant\u00e1nea, 4to lugar &#8211; Alexa 4ta Generaci\u00f3n y 5to lugar &#8211; Termo Stanley. El dato para el c\u00e1lculo de los top 5 clientes ser\u00e1 en monto de compra sin ITBMS registrado en las bases de datos de transacciones de compra del cliente en el periodo establecido. Los ganadores ser\u00e1n anunciados por Cruz Verde y contactados v\u00eda telef\u00f3nica.<\/p>\t\t\t\t\t\t\t\t<\/div>\n\t\t\t\t<\/div>\n\t\t\t\t\t<\/div>\n\t\t\t\t<\/div>\n\t\t\t\t<\/div>\n\t\t","protected":false},"excerpt":{"rendered":"<p>GANA PREMIOS CON VICHY 01 al 31 de Marzo Promoci\u00f3n exclusiva para clientes Dermacenter, Cruz Verde y Meycos Farmacia. Toda compra debe ser registrada en la caja a nombre del cliente afiliado. Los primeros 5 clientes que m\u00e1s compren productos de las l\u00edneas Mineral 89 y Liftactiv del 1 de marzo al 31 de marzo [&hellip;]<\/p>\n","protected":false},"author":1,"featured_media":0,"parent":0,"menu_order":0,"comment_status":"closed","ping_status":"closed","template":"elementor_canvas","meta":{"footnotes":""},"class_list":["post-216","page","type-page","status-publish","hentry"],"_links":{"self":[{"href":"https:\/\/sorteos.cruzverde.com.gt\/index.php?rest_route=\/wp\/v2\/pages\/216","targetHints":{"allow":["GET"]}}],"collection":[{"href":"https:\/\/sorteos.cruzverde.com.gt\/index.php?rest_route=\/wp\/v2\/pages"}],"about":[{"href":"https:\/\/sorteos.cruzverde.com.gt\/index.php?rest_route=\/wp\/v2\/types\/page"}],"author":[{"embeddable":true,"href":"https:\/\/sorteos.cruzverde.com.gt\/index.php?rest_route=\/wp\/v2\/users\/1"}],"replies":[{"embeddable":true,"href":"https:\/\/sorteos.cruzverde.com.gt\/index.php?rest_route=%2Fwp%2Fv2%2Fcomments&post=216"}],"version-history":[{"count":10,"href":"https:\/\/sorteos.cruzverde.com.gt\/index.php?rest_route=\/wp\/v2\/pages\/216\/revisions"}],"predecessor-version":[{"id":291,"href":"https:\/\/sorteos.cruzverde.com.gt\/index.php?rest_route=\/wp\/v2\/pages\/216\/revisions\/291"}],"wp:attachment":[{"href":"https:\/\/sorteos.cruzverde.com.gt\/index.php?rest_route=%2Fwp%2Fv2%2Fmedia&parent=216"}],"curies":[{"name":"wp","href":"https:\/\/api.w.org\/{rel}","templated":true}]}}